{"id":17,"date":"2011-11-15T15:16:06","date_gmt":"2011-11-15T23:16:06","guid":{"rendered":"https:\/\/lakecountycrisiscenter.org\/wordpress\/?page_id=17"},"modified":"2024-01-04T15:03:54","modified_gmt":"2024-01-04T23:03:54","slug":"home","status":"publish","type":"page","link":"https:\/\/lakecountycrisiscenter.org\/?page_id=17","title":{"rendered":"Contact Information &#8211; IF YOU ARE IN DANGER, CALL 911!"},"content":{"rendered":"<p>Dove Advocacy Center<br \/>\n726 North First Street<br \/>\nPO Box 774<br \/>\nLakeview, Oregon 97630<\/p>\n<p><strong>100% Confidential Services<\/strong><\/p>\n<p><span style=\"color: #ff0000;\">541-947-2449 Emergency 24-Hour CRISIS LINE\/L\u00ednea de crisis 24 horas<\/span><\/p>\n<p><span style=\"color: #ff0000;\">800-338-7590<\/span> Toll Free<\/p>\n<p>541-947-2498 Business Line\/Numero de negocio<\/p>\n<p>541-947-2147 Fax<\/p>\n<p><a href=\"mailto:lccrisiscenter@gmail.com\">lccrisiscenter@gmail.com<\/a><\/p>\n<p><b>Notice of Nondiscrimination Rights and Protections to Beneficiaries<\/b><\/p>\n<p>Dove Advocacy Center operates its program, services, and activities in compliance with federal nondiscrimination laws. No person shall, on the basis of race, color, national origin (including limited English proficiency), disability, religion, sex, gender identity, sexual orientation, or age, be excluded from participation in, be denied the benefits of, or be otherwise subjected to discrimination under any of our programs.<\/p>\n<p>To file a complaint of discrimination, write office of civil rights, Office of Justice Programs, U.S. Department of Justice (ORC), 810 7th Street, NW, Washington, DC 20531 or call 202-307-0690 (Voice) or 202-307-2027 (TDD\/TTY). Individuals who are hearing impaired or have speech disabilities may also contact ORC through the Federal Relay Service at 800-877-8339 (TTY), 877-877-8982 (Speech) or 800-845-6136 (Spanish).<\/p>\n<p style=\"text-align: center;\"><span style=\"text-decoration: underline;\"><span style=\"color: #0000ff; text-decoration: underline;\">All services are free and confidential.<\/span><\/span><\/p>\n<p><em><strong>Notificaci\u00f3n de derechos de no discriminaci\u00f3n y protecciones a los beneficiarios<\/strong><\/em><\/p>\n<p><em>Dove Advocacy Center opera su programa, servicios y actividades de conformidad con las leyes federales de no discriminaci\u00f3n. Ninguna persona, por motivos de raza, color, origen nacional (incluida la competencia limitada en ingl\u00e9s), discapacidad, religi\u00f3n, sexo, identidad de g\u00e9nero, orientaci\u00f3n sexual o edad, se excluir\u00e1 de la participaci\u00f3n, se le negar\u00e1n los beneficios o se le negar\u00e1 de lo contrario sujeto a discriminaci\u00f3n en cualquiera de nuestros programas.<\/em><\/p>\n<p><em>Para presentar una queja de discriminaci\u00f3n, escriba a la Oficina de Derechos Civiles, Oficina de Programas de Justicia, Departamento de Justicia de los Estados Unidos (ORC), 810 7th Street, NW, Washington, DC 20531 o llame al 202-307-0690 (Voz) o 202-307 -2027 (TDD \/ TTY). Las personas con problemas de audici\u00f3n o discapacidades del habla tambi\u00e9n pueden comunicarse con ORC a trav\u00e9s del Servicio Federal de Retransmisi\u00f3n al 800-877-8339 (TTY), 877-877-8982 (Habla) o 800-845-6136 (espa\u00f1ol).<\/em><\/p>\n<p style=\"text-align: center;\"><span style=\"text-decoration: underline;\"><span style=\"color: #0000ff; text-decoration: underline;\">Todos los servicios son gratuitos y confidenciales.<\/span><\/span><\/p>\n","protected":false},"excerpt":{"rendered":"<p>Dove Advocacy Center 726 North First Street PO Box 774 Lakeview, Oregon 97630 100% Confidential Services 541-947-2449 Emergency 24-Hour CRISIS LINE\/L\u00ednea de crisis 24 horas 800-338-7590 Toll Free 541-947-2498 Business Line\/Numero de negocio 541-947-2147 Fax lccrisiscenter@gmail.com Notice of Nondiscrimination Rights and Protections to Beneficiaries Dove Advocacy Center operates its program, services, and activities in compliance &hellip; <\/p>\n<p class=\"link-more\"><a href=\"https:\/\/lakecountycrisiscenter.org\/?page_id=17\" class=\"more-link\">Continue reading<span class=\"screen-reader-text\"> &#8220;Contact Information &#8211; IF YOU ARE IN DANGER, CALL 911!&#8221;<\/span><\/a><\/p>\n","protected":false},"author":1,"featured_media":0,"parent":0,"menu_order":0,"comment_status":"closed","ping_status":"open","template":"page-templates\/full-width.php","meta":{"footnotes":""},"class_list":["post-17","page","type-page","status-publish","hentry"],"_links":{"self":[{"href":"https:\/\/lakecountycrisiscenter.org\/index.php?rest_route=\/wp\/v2\/pages\/17","targetHints":{"allow":["GET"]}}],"collection":[{"href":"https:\/\/lakecountycrisiscenter.org\/index.php?rest_route=\/wp\/v2\/pages"}],"about":[{"href":"https:\/\/lakecountycrisiscenter.org\/index.php?rest_route=\/wp\/v2\/types\/page"}],"author":[{"embeddable":true,"href":"https:\/\/lakecountycrisiscenter.org\/index.php?rest_route=\/wp\/v2\/users\/1"}],"replies":[{"embeddable":true,"href":"https:\/\/lakecountycrisiscenter.org\/index.php?rest_route=%2Fwp%2Fv2%2Fcomments&post=17"}],"version-history":[{"count":20,"href":"https:\/\/lakecountycrisiscenter.org\/index.php?rest_route=\/wp\/v2\/pages\/17\/revisions"}],"predecessor-version":[{"id":488,"href":"https:\/\/lakecountycrisiscenter.org\/index.php?rest_route=\/wp\/v2\/pages\/17\/revisions\/488"}],"wp:attachment":[{"href":"https:\/\/lakecountycrisiscenter.org\/index.php?rest_route=%2Fwp%2Fv2%2Fmedia&parent=17"}],"curies":[{"name":"wp","href":"https:\/\/api.w.org\/{rel}","templated":true}]}}