{"id":22,"date":"2011-11-15T15:20:26","date_gmt":"2011-11-15T23:20:26","guid":{"rendered":"https:\/\/lakecountycrisiscenter.org\/wordpress\/?page_id=22"},"modified":"2024-01-04T16:10:03","modified_gmt":"2024-01-05T00:10:03","slug":"information","status":"publish","type":"page","link":"https:\/\/lakecountycrisiscenter.org\/","title":{"rendered":"Welcome!"},"content":{"rendered":"\n<blockquote class=\"wp-block-quote is-layout-flow wp-block-quote-is-layout-flow\">\n<p><strong>At Dove Advocacy Center,<\/strong> <strong>what is seen here, what is said here, when you leave here, it stays here. <\/strong><\/p>\n<\/blockquote>\n\n\n\n<div class=\"wp-block-media-text alignwide is-stacked-on-mobile\" style=\"grid-template-columns:31% auto\"><figure class=\"wp-block-media-text__media\"><img loading=\"lazy\" decoding=\"async\" width=\"380\" height=\"380\" src=\"https:\/\/lakecountycrisiscenter.org\/wp-content\/uploads\/2022\/07\/image-2.png\" alt=\"\" class=\"wp-image-438 size-full\" srcset=\"https:\/\/lakecountycrisiscenter.org\/wp-content\/uploads\/2022\/07\/image-2.png 380w, https:\/\/lakecountycrisiscenter.org\/wp-content\/uploads\/2022\/07\/image-2-300x300.png 300w, https:\/\/lakecountycrisiscenter.org\/wp-content\/uploads\/2022\/07\/image-2-150x150.png 150w, https:\/\/lakecountycrisiscenter.org\/wp-content\/uploads\/2022\/07\/image-2-100x100.png 100w\" sizes=\"auto, (max-width: 380px) 100vw, 380px\" \/><\/figure><div class=\"wp-block-media-text__content\">\n<p class=\"has-large-font-size\"><mark style=\"background-color:rgba(0, 0, 0, 0)\" class=\"has-inline-color has-vivid-purple-color\">Free. Confidential. 24\/7<\/mark><\/p>\n<\/div><\/div>\n\n\n\n<p>&#8216;We believe that the citizens of Lakeview and surrounding areas look at Dove Advocacy Center as an asset to their communities. We believe the crisis center is a positive&nbsp; reminder that&nbsp;we&nbsp; are all working&nbsp; toward a community where domestic violence, sexual violence, and other types of&nbsp; victimization of individuals are unacceptable. We believe that this is a place where victims and survivors are not stigmatized nor blamed for their circumstances, but instead the perpetrators carry&nbsp;the stigma. We believe that this is&nbsp;a place&nbsp;where an entire&nbsp;community&nbsp;pulls together to make it safe for everyone to live their best lives in safety and peace.&#8221;<\/p>\n\n\n\n<p><\/p>\n\n\n<div class=\"wp-block-image is-resized\">\n<figure class=\"aligncenter size-full\"><a href=\"https:\/\/lakecountycrisiscenter.org\/wp-content\/uploads\/2024\/01\/Dove.jpg\"><img loading=\"lazy\" decoding=\"async\" width=\"215\" height=\"220\" src=\"https:\/\/lakecountycrisiscenter.org\/wp-content\/uploads\/2024\/01\/Dove.jpg\" alt=\"\" class=\"wp-image-494\"\/><\/a><\/figure>\n<\/div>\n\n\n<p class=\"has-white-background-color has-background\"><strong>Our Mission Statement:&nbsp; <\/strong>Dove Advocacy Center  is here to help provide assistance to victims and survivors of domestic violence, sexual assault, stalking, human trafficking, teen dating violence, and elder abuse\/persons with disabilities  The center will also strive to increase awareness and understanding for equality of all persons; and engage only in activities which are charitable in nature and&nbsp;within the meaning of section 501(C)(3) of the Internal Revenue Code. <\/p>\n\n\n\n<p>En Dove Advocacy Center, lo que se ve aqu\u00ed, lo que se dice aqu\u00ed, cuando salga de aqu\u00ed, se queda aqu\u00ed.<\/p>\n\n\n\n<p>Comun\u00edquese con nosotros si tiene preguntas, comentarios, inquietudes o necesita una referencia o informaci\u00f3n de recursos.<\/p>\n\n\n\n<p>\u201cCreemos que los ciudadanos de Lakeview y sus alrededores ven al Dove Advocacy Center como un activo para sus comunidades. Creemos que el centro de crisis es un recordatorio positivo de que todos estamos trabajando para lograr una comunidad donde la violencia dom\u00e9stica, la violencia sexual y otros tipos de victimizaci\u00f3n de personas sean inaceptables. Creemos que este es un lugar donde las v\u00edctimas y los sobrevivientes no son estigmatizados ni se les culpa por sus circunstancias, sino que los perpetradores llevan el estigma. Creemos que este es el lugar donde toda una comunidad se une para garantizar que todos puedan vivir sus mejores vidas en condiciones de seguridad y paz .\u201d<\/p>\n\n\n\n<p>Dove Advocacy Center brindar\u00e1 asistencia a las v\u00edctimas y sobrevivientes de violencia dom\u00e9stica y agresi\u00f3n sexual, incluidos los adolescentes. El centro tambi\u00e9n se esforzar\u00e1 por aumentar la conciencia y la comprensi\u00f3n de la igualdad de todas las personas; y participar \u00fanicamente en actividades de car\u00e1cter caritativo y en el sentido de la secci\u00f3n 501 (C) (3) del C\u00f3digo de Rentas Internas.<\/p>\n\n\n\n<div class=\"wp-block-group\"><div class=\"wp-block-group__inner-container is-layout-flow wp-block-group-is-layout-flow\">\n<div class=\"wp-block-media-text alignwide is-stacked-on-mobile\" style=\"grid-template-columns:20% auto\"><figure class=\"wp-block-media-text__media\"><img loading=\"lazy\" decoding=\"async\" width=\"262\" height=\"192\" src=\"https:\/\/lakecountycrisiscenter.org\/wp-content\/uploads\/2022\/07\/lgbtq-friendly-2.png\" alt=\"\" class=\"wp-image-336 size-full\"\/><\/figure><div class=\"wp-block-media-text__content\">\n<p class=\"has-large-font-size\"><\/p>\n<\/div><\/div>\n<\/div><\/div>\n\n\n\n<figure class=\"wp-block-image size-full is-resized\"><a href=\"https:\/\/lakecountycrisiscenter.org\/wp-content\/uploads\/2022\/07\/image-3.png\"><img loading=\"lazy\" decoding=\"async\" width=\"225\" height=\"225\" src=\"https:\/\/lakecountycrisiscenter.org\/wp-content\/uploads\/2022\/07\/image-3.png\" alt=\"\" class=\"wp-image-440\" srcset=\"https:\/\/lakecountycrisiscenter.org\/wp-content\/uploads\/2022\/07\/image-3.png 225w, https:\/\/lakecountycrisiscenter.org\/wp-content\/uploads\/2022\/07\/image-3-150x150.png 150w, https:\/\/lakecountycrisiscenter.org\/wp-content\/uploads\/2022\/07\/image-3-100x100.png 100w\" sizes=\"auto, (max-width: 225px) 100vw, 225px\" \/><\/a><\/figure>\n\n\n\n<p class=\"has-text-align-center\">    <\/p>\n\n\n\n<h2 class=\"wp-block-heading\"><\/h2>\n\n\n\n<p><\/p>\n","protected":false},"excerpt":{"rendered":"<p>At Dove Advocacy Center, what is seen here, what is said here, when you leave here, it stays here. Free. Confidential. 24\/7 &#8216;We believe that the citizens of Lakeview and surrounding areas look at Dove Advocacy Center as an asset to their communities. We believe the crisis center is a positive&nbsp; reminder that&nbsp;we&nbsp; are all &hellip; <\/p>\n<p class=\"link-more\"><a href=\"https:\/\/lakecountycrisiscenter.org\/\" class=\"more-link\">Continue reading<span class=\"screen-reader-text\"> &#8220;Welcome!&#8221;<\/span><\/a><\/p>\n","protected":false},"author":1,"featured_media":0,"parent":75,"menu_order":3,"comment_status":"closed","ping_status":"closed","template":"","meta":{"footnotes":""},"class_list":["post-22","page","type-page","status-publish","hentry"],"_links":{"self":[{"href":"https:\/\/lakecountycrisiscenter.org\/index.php?rest_route=\/wp\/v2\/pages\/22","targetHints":{"allow":["GET"]}}],"collection":[{"href":"https:\/\/lakecountycrisiscenter.org\/index.php?rest_route=\/wp\/v2\/pages"}],"about":[{"href":"https:\/\/lakecountycrisiscenter.org\/index.php?rest_route=\/wp\/v2\/types\/page"}],"author":[{"embeddable":true,"href":"https:\/\/lakecountycrisiscenter.org\/index.php?rest_route=\/wp\/v2\/users\/1"}],"replies":[{"embeddable":true,"href":"https:\/\/lakecountycrisiscenter.org\/index.php?rest_route=%2Fwp%2Fv2%2Fcomments&post=22"}],"version-history":[{"count":25,"href":"https:\/\/lakecountycrisiscenter.org\/index.php?rest_route=\/wp\/v2\/pages\/22\/revisions"}],"predecessor-version":[{"id":499,"href":"https:\/\/lakecountycrisiscenter.org\/index.php?rest_route=\/wp\/v2\/pages\/22\/revisions\/499"}],"up":[{"embeddable":true,"href":"https:\/\/lakecountycrisiscenter.org\/index.php?rest_route=\/wp\/v2\/pages\/75"}],"wp:attachment":[{"href":"https:\/\/lakecountycrisiscenter.org\/index.php?rest_route=%2Fwp%2Fv2%2Fmedia&parent=22"}],"curies":[{"name":"wp","href":"https:\/\/api.w.org\/{rel}","templated":true}]}}