{"id":244,"date":"2020-03-23T14:02:33","date_gmt":"2020-03-23T21:02:33","guid":{"rendered":"https:\/\/lakecountycrisiscenter.org\/?page_id=244"},"modified":"2024-01-04T15:07:50","modified_gmt":"2024-01-04T23:07:50","slug":"domestic-violence","status":"publish","type":"page","link":"https:\/\/lakecountycrisiscenter.org\/?page_id=244","title":{"rendered":"Domestic Violence"},"content":{"rendered":"\n<p><strong>Intimate partner violence, or domestic violence,<\/strong> can be difficult to see if it starts little by little, if your partner says they love you, or if they support you financially. Domestic violence can include forced sex, physical abuse, and emotional abuse, such as cruel words or threats. It can happen between married people, to a couple who lives together or apart, or to a same-sex couple. <strong><mark style=\"background-color:rgba(0, 0, 0, 0)\" class=\"has-inline-color has-vivid-red-color\">Abuse is never OK.<\/mark><\/strong><\/p>\n\n\n\n<p>There are many forms of violence and abuse that fall under the umbrella term of domestic violence. The most common forms of abuse are:<\/p>\n\n\n\n<p><strong>Physical Abuse<\/strong> may include: hitting, punching, kicking, slapping, strangling, smothering, using or threatening to use weapons, shoving, interrupting your sleep, throwing things, destroying property, hurting or killing pets, and denying medical treatment. <\/p>\n\n\n\n<p><strong>Sexual Abuse<\/strong> may include: physically forcing sex, making you feel fearful about saying no to sex, forcing sex with other partners, forcing you to participate in demeaning or degrading sexual acts, violence or name calling during sex, and denying contraception or protection from sexually transmitted diseases. <\/p>\n\n\n\n<p><strong>Emotional Abuse<\/strong> can include: constant put downs or criticisms, name calling, \u201ccrazy making\u201d, acting superior, minimizing the abuse or blaming you for their behavior, threatening and making you feel fearful, isolating you from family and friends, excessive jealously, accusing you of having affairs, and watching where you go and who you talk to. <\/p>\n\n\n\n<p><strong>Financial Abuse<\/strong> include:&nbsp;giving you an allowance, not letting you have your own money, hiding family assets, running up debt, interfering with your job, and ruining your credit. <\/p>\n\n\n\n<p><strong>Digital Abuse<\/strong>  is the use of technologies such as texting and social networking to bully, harass, stalk or intimidate a partner. Often this behavior is a form of verbal or emotional abuse perpetrated online. <\/p>\n\n\n\n<p>Dove Advocacy Center is available to help and provides free confidential  services<\/p>\n\n\n\n<h2 class=\"wp-block-heading\"><strong>You may be experiencing domestic violence if your partner:<\/strong><\/h2>\n\n\n\n<p>-Controls what you\u2019re doing<br \/>-Checks your phone, email, or social networks without your permission<br \/>-Forces you to have sex when you don\u2019t want to<br \/>-Controls your birth control or insists that you get pregnant<br \/>-Decides what you wear or eat or how you spend money<br \/>-Prevents or discourages you from going to work or school or seeing your family or friends<br \/>-Humiliates you on purpose in front of others<br \/>-Unfairly accuses you of being unfaithful<br \/>-Destroys your things<br \/>-Threatens to hurt you, your children, other loved ones, or your pets<br \/>-Hurts you physically (e.g., hitting, beating, punching, pushing, kicking), including with a weapon<br \/>-Blames you for his or her violent outbursts<br \/>-Threatens to hurt herself or himself because of being upset with you<br \/>-Threatens to report you to the authorities for imagined crimes<br \/>-Says things like, \u201cIf I can\u2019t have you, then no one can\u201d<\/p>\n\n\n\n<p><strong>Violencia Dom\u00e9stica<\/strong><\/p>\n\n\n\n<p>Violencia dom\u00e9stica es un patr\u00f3n de compotamientos usado para establecer poder y control sobre otra persona a trav\u00e9s del miedo y la intimidaci\u00f3n.<\/p>\n\n\n\n<p>Violencia dom\u00e9stica sucede en las relaciones \u00cdntimas adultas, relaciones adolescentes, relaciones del mismo sexo,&nbsp; y algunas veces contin\u00faa despu\u00e9s de que la relaci\u00f3n haya terminado.<\/p>\n\n\n\n<p>La gente a menudo piensa en la violencia dom\u00e9stica como actos de violencia f\u00edsica solamente.&nbsp; Sin embargo, la violencia dom\u00e9stica puede tomar muchas formas, como f\u00edsico, emocional, sexual, o abuso financiero.<\/p>\n\n\n\n<p><em>\u00bfAlguna vez has sido empujado, abofeteado, golpeado, pateado, o estrangulado por alguien que dice que te amo?<\/em><\/p>\n\n\n\n<p><em>\u00bfTe sientes aislado de amigos y familiares?<\/em><\/p>\n\n\n\n<p><em>\u00bfSe les dice a otras personas que usted est\u00e1 loca o abusiva?<\/em><\/p>\n\n\n\n<p>\u00bfSon sus llamadas telef\u00f3nicas o su correo monitorizaras?<\/p>\n\n\n\n<p><em>\u00bfUsted tiene supervicion financier y las restricciones<\/em><\/p>\n\n\n\n<p><em>En gastar efectico la disponibilidad e.g acceso a chquera<\/em><\/p>\n\n\n\n<p><em>O tarjetas de credito? Usted no se le permite trabajar?<\/em><\/p>\n\n\n\n<p><em>Y si usted trabaja esta obligado a girar en el ingreso?<\/em><\/p>\n\n\n\n<p><strong>No tiene que ser de esa manera.&nbsp; Usted no Ocaciono el abuso, usted no esta solo Ay persona que le pueden ayudar.<\/strong><\/p>\n\n\n\n<p><strong>Dove Advocacy Center Provee servicos confidenciales gratis a las victimas y sobrevivientes.<\/strong><\/p>\n\n\n\n<p><\/p>\n","protected":false},"excerpt":{"rendered":"<p>Intimate partner violence, or domestic violence, can be difficult to see if it starts little by little, if your partner says they love you, or if they support you financially. Domestic violence can include forced sex, physical abuse, and emotional abuse, such as cruel words or threats. It can happen between married people, to a &hellip; <\/p>\n<p class=\"link-more\"><a href=\"https:\/\/lakecountycrisiscenter.org\/?page_id=244\" class=\"more-link\">Continue reading<span class=\"screen-reader-text\"> &#8220;Domestic Violence&#8221;<\/span><\/a><\/p>\n","protected":false},"author":1,"featured_media":0,"parent":0,"menu_order":0,"comment_status":"closed","ping_status":"closed","template":"","meta":{"footnotes":""},"class_list":["post-244","page","type-page","status-publish","hentry"],"_links":{"self":[{"href":"https:\/\/lakecountycrisiscenter.org\/index.php?rest_route=\/wp\/v2\/pages\/244","targetHints":{"allow":["GET"]}}],"collection":[{"href":"https:\/\/lakecountycrisiscenter.org\/index.php?rest_route=\/wp\/v2\/pages"}],"about":[{"href":"https:\/\/lakecountycrisiscenter.org\/index.php?rest_route=\/wp\/v2\/types\/page"}],"author":[{"embeddable":true,"href":"https:\/\/lakecountycrisiscenter.org\/index.php?rest_route=\/wp\/v2\/users\/1"}],"replies":[{"embeddable":true,"href":"https:\/\/lakecountycrisiscenter.org\/index.php?rest_route=%2Fwp%2Fv2%2Fcomments&post=244"}],"version-history":[{"count":5,"href":"https:\/\/lakecountycrisiscenter.org\/index.php?rest_route=\/wp\/v2\/pages\/244\/revisions"}],"predecessor-version":[{"id":490,"href":"https:\/\/lakecountycrisiscenter.org\/index.php?rest_route=\/wp\/v2\/pages\/244\/revisions\/490"}],"wp:attachment":[{"href":"https:\/\/lakecountycrisiscenter.org\/index.php?rest_route=%2Fwp%2Fv2%2Fmedia&parent=244"}],"curies":[{"name":"wp","href":"https:\/\/api.w.org\/{rel}","templated":true}]}}